{"id":702,"date":"2023-11-21T02:10:27","date_gmt":"2023-11-21T05:10:27","guid":{"rendered":"https:\/\/buscavoos.com\/?page_id=702"},"modified":"2023-11-21T16:52:46","modified_gmt":"2023-11-21T19:52:46","slug":"sobre-nos","status":"publish","type":"page","link":"https:\/\/buscavoos.com\/en\/sobre-nos\/","title":{"rendered":"ABOUT US"},"content":{"rendered":"<p>\u00c9 um prazer receb\u00ea-lo no Buscavoos.com!<\/p>\n\n\n\n<p>Nosso objetivo \u00e9 gui\u00e1-lo pelo fascinante mundo dos destinos de viagem e op\u00e7\u00f5es de voos. Aqui no Buscavoos.com, acreditamos que a jornada come\u00e7a muito antes da decolagem, nas etapas de pesquisa e planejamento, e estamos aqui para tornar esse processo t\u00e3o empolgante quanto o destino final em si.<\/p>\n\n\n\n<h2 class=\"wp-block-heading\">O que nos diferencia<\/h2>\n\n\n\n<p>Ao contr\u00e1rio de algumas ag\u00eancias de viagens, <strong>n\u00e3o vendemos passagens a\u00e9reas<\/strong> ou <strong>produtos associados <\/strong>diretamente. Em vez disso, nosso foco est\u00e1 em fornecer informa\u00e7\u00f5es detalhadas e confi\u00e1veis para ajud\u00e1-lo a tomar decis\u00f5es informadas sobre sua pr\u00f3xima aventura. Cada artigo, guia e recomenda\u00e7\u00e3o \u00e9 cuidadosamente elaborado por nossa equipe, combinando pesquisa qualitativa e quantitativa.<\/p>\n\n\n\n<h2 class=\"wp-block-heading\">Compromisso com a Qualidade<\/h2>\n\n\n\n<p>No Buscavoos.com, nosso compromisso com a qualidade est\u00e1 no centro de tudo o que fazemos. Realizamos pesquisas extensas para garantir que nossos leitores tenham acesso \u00e0s informa\u00e7\u00f5es mais recentes e relevantes. Nosso objetivo \u00e9 fornecer conte\u00fado preciso e atualizado para inspirar suas viagens e auxiliar em suas decis\u00f5es.<\/p>\n\n\n\n<h2 class=\"wp-block-heading\">Informa\u00e7\u00f5es apenas para fins informativos<\/h2>\n\n\n\n<p>Todas as informa\u00e7\u00f5es em nosso site s\u00e3o fornecidas exclusivamente para fins informativos. Incentivamos os usu\u00e1rios a verificar diretamente com fontes relevantes para garantir a precis\u00e3o e a pontualidade de informa\u00e7\u00f5es de viagem espec\u00edficas.<\/p>\n\n\n\n<h2 class=\"wp-block-heading\">Junte-se a n\u00f3s<\/h2>\n\n\n\n<p>Agradecemos por escolher o <a href=\"http:\/\/Buscavoos.com\" title=\"\">Buscavoos.com<\/a> como sua fonte confi\u00e1vel de informa\u00e7\u00f5es de viagem. Convidamos voc\u00ea a explorar nosso conte\u00fado, descobrir novos lugares e come\u00e7ar a planejar suas pr\u00f3ximas aventuras conosco. Viagem \u00e9 pessoal, e estamos aqui para ajudar a tornar cada momento inesquec\u00edvel.<\/p>","protected":false},"excerpt":{"rendered":"<p>\u00c9 um prazer receb\u00ea-lo no Buscavoos.com! Nosso objetivo \u00e9 gui\u00e1-lo pelo fascinante mundo dos destinos de viagem e op\u00e7\u00f5es de voos. Aqui no Buscavoos.com, acreditamos que a jornada come\u00e7a muito antes da decolagem, nas etapas de pesquisa e planejamento, e estamos aqui para tornar esse processo t\u00e3o empolgante quanto o destino final em si. O [&hellip;]<\/p>\n","protected":false},"author":2,"featured_media":0,"parent":0,"menu_order":0,"comment_status":"closed","ping_status":"closed","template":"","meta":{"footnotes":""},"class_list":["post-702","page","type-page","status-publish"],"aioseo_notices":[],"_links":{"self":[{"href":"https:\/\/buscavoos.com\/en\/wp-json\/wp\/v2\/pages\/702","targetHints":{"allow":["GET"]}}],"collection":[{"href":"https:\/\/buscavoos.com\/en\/wp-json\/wp\/v2\/pages"}],"about":[{"href":"https:\/\/buscavoos.com\/en\/wp-json\/wp\/v2\/types\/page"}],"author":[{"embeddable":true,"href":"https:\/\/buscavoos.com\/en\/wp-json\/wp\/v2\/users\/2"}],"replies":[{"embeddable":true,"href":"https:\/\/buscavoos.com\/en\/wp-json\/wp\/v2\/comments?post=702"}],"version-history":[{"count":3,"href":"https:\/\/buscavoos.com\/en\/wp-json\/wp\/v2\/pages\/702\/revisions"}],"predecessor-version":[{"id":744,"href":"https:\/\/buscavoos.com\/en\/wp-json\/wp\/v2\/pages\/702\/revisions\/744"}],"wp:attachment":[{"href":"https:\/\/buscavoos.com\/en\/wp-json\/wp\/v2\/media?parent=702"}],"curies":[{"name":"wp","href":"https:\/\/api.w.org\/{rel}","templated":true}]}}